{"id":44,"date":"2025-07-17T19:17:18","date_gmt":"2025-07-17T19:17:18","guid":{"rendered":"https:\/\/preprod.keroz.fr\/mozrest\/?page_id=44"},"modified":"2026-03-24T10:10:25","modified_gmt":"2026-03-24T10:10:25","slug":"liens","status":"publish","type":"page","link":"https:\/\/mozrest.com\/fr-fr\/links\/","title":{"rendered":"Liens"},"content":{"rendered":"<section>\n<div class=\"section--medium gb-element-610d73ca\">\n<h1 class=\"gb-text gb-text-46762aeb\">Liens<\/h1>\n\n\n\n<p class=\"gb-text gb-text-550e570f\">Au-del\u00e0 de nos int\u00e9grations techniques, nous sommes fiers de collaborer avec un r\u00e9seau diversifi\u00e9 de leaders du secteur \u2014 des prestataires de paiement aux experts en marketing \u2014 qui partagent notre vision de l'excellence.<\/p>\n\n\n\n<h2 class=\"gb-text gb-text-44c38b1a\">Prestataires de paiement<\/h2>\n\n\n\n<div class=\"gb-element-02eae9f5\">\n<div class=\"links-card\">\n<img loading=\"lazy\" decoding=\"async\" width=\"90\" height=\"30\" alt=\"\" src=\"https:\/\/mozrest.com\/wp-content\/uploads\/adyen-onetrust-logo.svg\" title=\"adyen-onetrust-logo\"\/>\n\n\n\n<h3 class=\"gb-text text--md\"><a href=\"https:\/\/www.adyen.com\/\" target=\"_blank\" data-type=\"link\" data-id=\"https:\/\/www.adyen.com\/\" rel=\"noreferrer noopener\">Ayden<\/a><\/h3>\n\n\n\n<p class=\"gb-text\">Gestion compl\u00e8te des paiements, des donn\u00e9es et des finances.<\/p>\n<\/div>\n\n\n\n<div class=\"links-card\">\n<img loading=\"lazy\" decoding=\"async\" width=\"172\" height=\"64\" alt=\"Braintree logo\" src=\"https:\/\/mozrest.com\/wp-content\/uploads\/braintree-logo.svg\"\/>\n\n\n\n<h3 class=\"gb-text text--md\"><a href=\"https:\/\/www.paypal.com\/us\/braintree?utm_campaign=Braintree_Migration&amp;utm_medium=Website&amp;utm_source=Braintree\" target=\"_blank\" rel=\"noreferrer noopener\">Braintree<\/a><\/h3>\n\n\n\n<p class=\"gb-text\">Plateforme de paiement proposant PayPal, Venmo, cartes de cr\u00e9dit\/d\u00e9bit, et portefeuilles num\u00e9riques.<\/p>\n<\/div>\n\n\n\n<div class=\"links-card\">\n<img loading=\"lazy\" decoding=\"async\" width=\"800\" height=\"800\" alt=\"Stripe logo\" src=\"https:\/\/mozrest.com\/wp-content\/uploads\/stripe-logo.svg\"\/>\n\n\n\n<h3 class=\"gb-text text--md gb-text-aa786653\"><a href=\"https:\/\/stripe.com\/\" target=\"_blank\" data-type=\"link\" data-id=\"https:\/\/stripe.com\/\" rel=\"noreferrer noopener\">Stripe<\/a><\/h3>\n\n\n\n<p class=\"gb-text\">Solution de commerce et de paiement en ligne.<\/p>\n<\/div>\n<\/div>\n\n\n\n<h2 class=\"gb-text gb-text-a46c2822\">Technologies pour restaurants<\/h2>\n\n\n\n<div class=\"gb-element-34e35926\">\n<div class=\"links-card\">\n<img loading=\"lazy\" decoding=\"async\" width=\"240\" height=\"141\" alt=\"Restaurant Collective logo\" src=\"https:\/\/mozrest.com\/wp-content\/uploads\/restaurant-collective-logo.svg\" title=\"restaurant-collective-logo\"\/>\n\n\n\n<h3 class=\"gb-text text--md\"><a href=\"https:\/\/restaurantcollective.org.uk\/\" target=\"_blank\" rel=\"noreferrer noopener\">Restaurant Collective<\/a><\/h3>\n\n\n\n<p class=\"gb-text\">Communaut\u00e9 de restaurateurs<\/p>\n<\/div>\n\n\n\n<div class=\"links-card\">\n<img loading=\"lazy\" decoding=\"async\" width=\"700\" height=\"250\" alt=\"Storekit logo\" src=\"https:\/\/mozrest.com\/wp-content\/uploads\/storekit-logo.svg\"\/>\n\n\n\n<h3 class=\"gb-text text--md gb-text-2770ad08\"><a href=\"https:\/\/storekit.com\/\" target=\"_blank\" data-type=\"link\" data-id=\"https:\/\/storekit.com\/\" rel=\"noreferrer noopener\">Storekit<\/a><\/h3>\n\n\n\n<p class=\"gb-text\">Solution de menu num\u00e9rique, commande et paiement.<\/p>\n<\/div>\n\n\n\n<div class=\"links-card\">\n<img loading=\"lazy\" decoding=\"async\" width=\"1720\" height=\"329\" alt=\"Wisk-it logo\" src=\"https:\/\/mozrest.com\/wp-content\/uploads\/wisk-it.svg\" title=\"wisk-it\"\/>\n\n\n\n<h3 class=\"gb-text text--md gb-text-66a7edd5\"><a href=\"https:\/\/www.wisk-it.com\/\" target=\"_blank\" data-type=\"link\" data-id=\"https:\/\/www.wisk-it.com\/\" rel=\"noreferrer noopener\">Wisk-it<\/a><\/h3>\n\n\n\n<p class=\"gb-text\">Mat\u00e9riel et logiciels pour l'h\u00f4tellerie et la restauration<\/p>\n<\/div>\n<\/div>\n<\/div>\n<\/section>","protected":false},"excerpt":{"rendered":"<p>Links Beyond our technical integrations, we are proud to collaborate with a diverse network of industry leaders, from payment providers to marketing experts, who share our vision for excellence. Payment providers Ayden End-to-end payment, data, and financial management. Braintree Payments platform delivering PayPal, Venmo, credit and debit cards, and digital wallets. Stripe Online payment processing &#8230; <a title=\"Liens\" class=\"read-more\" href=\"https:\/\/mozrest.com\/fr-fr\/links\/\" aria-label=\"En savoir plus sur Links\">Lire plus<\/a><\/p>","protected":false},"author":1,"featured_media":0,"parent":0,"menu_order":13,"comment_status":"closed","ping_status":"closed","template":"","meta":{"_acf_changed":false,"footnotes":""},"class_list":["post-44","page","type-page","status-publish"],"acf":[],"_links":{"self":[{"href":"https:\/\/mozrest.com\/fr-fr\/wp-json\/wp\/v2\/pages\/44","targetHints":{"allow":["GET"]}}],"collection":[{"href":"https:\/\/mozrest.com\/fr-fr\/wp-json\/wp\/v2\/pages"}],"about":[{"href":"https:\/\/mozrest.com\/fr-fr\/wp-json\/wp\/v2\/types\/page"}],"author":[{"embeddable":true,"href":"https:\/\/mozrest.com\/fr-fr\/wp-json\/wp\/v2\/users\/1"}],"replies":[{"embeddable":true,"href":"https:\/\/mozrest.com\/fr-fr\/wp-json\/wp\/v2\/comments?post=44"}],"version-history":[{"count":0,"href":"https:\/\/mozrest.com\/fr-fr\/wp-json\/wp\/v2\/pages\/44\/revisions"}],"wp:attachment":[{"href":"https:\/\/mozrest.com\/fr-fr\/wp-json\/wp\/v2\/media?parent=44"}],"curies":[{"name":"wp","href":"https:\/\/api.w.org\/{rel}","templated":true}]}}