{"id":32,"date":"2025-07-17T19:12:24","date_gmt":"2025-07-17T19:12:24","guid":{"rendered":"https:\/\/preprod.keroz.fr\/mozrest\/?page_id=32"},"modified":"2026-04-16T10:57:13","modified_gmt":"2026-04-16T10:57:13","slug":"qui-sommes-nous","status":"publish","type":"page","link":"https:\/\/mozrest.com\/fr-fr\/about-us\/","title":{"rendered":"Qui sommes-nous"},"content":{"rendered":"<section class=\"gb-element-a18a5517 hero\">\n<div class=\"gb-element-eb268242\">\n<h1 class=\"gb-text section--x-large gb-text-0d2da8b7\">Qui sommes-nous<\/h1>\n<\/div>\n<\/section>\n\n\n\n<section>\n<div class=\"section--small\">\n<h2 class=\"gb-text\">Notre histoire<\/h2>\n\n\n\n<p class=\"gb-text\">Cr\u00e9\u00e9e \u00e0 Londres en 2020, Mozrest est une solution middleware sp\u00e9cialis\u00e9e dans le secteur de la restauration. Nous faisons le lien entre les plateformes de r\u00e9servation, les logiciels de gestion de r\u00e9servation et les syst\u00e8mes de caisse (POS).<\/p>\n\n\n\n<p>Nous g\u00e9rons la complexit\u00e9 de la connectivit\u00e9 multi-canal, en fournissant des solutions en marque blanche qui permettent aux \u00e9diteurs de logiciels de se d\u00e9velopper instantan\u00e9ment, sans subir la lourdeur des d\u00e9veloppements sur mesure.<\/p>\n\n\n\n<p><a href=\"https:\/\/mozrest.com\/fr-fr\/partenaires\/\" data-type=\"link\" data-id=\"https:\/\/mozrest.com\/en-gb\/partners\/\">Mozrest s'int\u00e8gre avec plus de 100 leaders technologiques du secteur de la restauration<\/a>, dont SevenRooms, Oracle, Lightspeed, Google, Apple Maps et le Guide MICHELIN.<\/p>\n\n\n\n<h2 class=\"gb-text\">Nos valeurs<\/h2>\n\n\n\n<p class=\"gb-text\">La vision de Mozrest repose sur 9 valeurs, r\u00e9parties en deux cat\u00e9gories : Valeurs humaines et Principes de leadership, pour enrichir notre culture d\u2019entreprise et guider notre strat\u00e9gie commerciale.<\/p>\n\n\n\n<div class=\"gb-text eyebrown gb-text-7aa74c67\">Valeurs humaines<\/div>\n\n\n\n<div class=\"gb-element-f2fee2c4\">\n<div class=\"gb-element-b3619ad4\">\n<h3 class=\"gb-text\"><strong>Gratitude<\/strong><\/h3>\n\n\n\n<p class=\"gb-text gb-text-76ee217d\">\u00c0 la fin d'une semaine, d'un trimestre ou d'une ann\u00e9e dynamique, nous nous sentons reconnaissants pour le travail acharn\u00e9 de notre \u00e9quipe. Nous valorisons nos employ\u00e9s en les impliquant dans les d\u00e9cisions, en \u00e9coutant leurs id\u00e9es et en leur offrant une reconnaissance sinc\u00e8re et r\u00e9guli\u00e8re.<\/p>\n<\/div>\n\n\n\n<div class=\"gb-element-44a9c52e\">\n<h3 class=\"gb-text\"><strong><strong><strong>Gentillesse<\/strong><\/strong><\/strong><\/h3>\n\n\n\n<p class=\"gb-text gb-text-f64cdb29\">Donner de son temps, partager ses connaissances et ses talents cr\u00e9e un impact positif au travail. Transmettre des comp\u00e9tences, \u00e9changer des exp\u00e9riences et offrir des retours constructifs et bienveillants pour soutenir les autres dans leur parcours vers le succ\u00e8s sont essentiels pour nous.<\/p>\n<\/div>\n\n\n\n<div class=\"gb-element-403d271c\">\n<h3 class=\"gb-text\"><strong><strong><strong><strong><strong>Attention<\/strong><\/strong><\/strong><\/strong><\/strong><\/h3>\n\n\n\n<p class=\"gb-text gb-text-4a6c4ef8\">Nous privil\u00e9gions la collaboration et respectons les pr\u00e9occupations, int\u00e9r\u00eats et valeurs de chaque coll\u00e8gue. Cela rend notre environnement de travail plus agr\u00e9able et donne \u00e0 notre entreprise l'avantage d'une connexion humaine o\u00f9 chacun collabore harmonieusement.<\/p>\n<\/div>\n\n\n\n<div class=\"gb-element-9bfa26f8\">\n<h3 class=\"gb-text\"><strong><strong><strong><strong><strong>Engagement \u00e0 long terme<\/strong><\/strong><\/strong><\/strong><\/strong><\/h3>\n\n\n\n<p class=\"gb-text gb-text-f05e3200\">L\u2019enthousiasme et le d\u00e9vouement sont essentiels pour soutenir notre vision et assurer notre succ\u00e8s \u00e0 long terme. Mozrest offre des opportunit\u00e9s aux collaborateurs engag\u00e9s, qui d\u00e9montrent leur professionnalisme, leur esprit d\u2019entraide et leur d\u00e9sir de progresser.<\/p>\n<\/div>\n<\/div>\n\n\n\n<div class=\"gb-text eyebrown gb-text-6f9f2ea7\">Principes De Leadership<\/div>\n\n\n\n<div class=\"gb-element-d5fd7606\">\n<div class=\"gb-element-a797f50a\">\n<h3 class=\"gb-text\"><strong><strong>Obsession pour les partenariats<\/strong><\/strong><\/h3>\n\n\n\n<p class=\"gb-text gb-text-2f0d7ae9\">Nous nous consacrons \u00e0 cr\u00e9er des partenariats durables, fond\u00e9s sur un soutien et une attention exceptionnels. En connaissant personnellement nos partenaires, nous comprenons leurs besoins pour \u00e9tablir une relation solide, bas\u00e9e sur la confiance et le respect, les transformant en nos meilleurs ambassadeurs.<\/p>\n<\/div>\n\n\n\n<div class=\"gb-element-bbd28298\">\n<h3 class=\"gb-text\"><strong><strong><strong><strong>Empathie<\/strong><\/strong><\/strong><\/strong><\/h3>\n\n\n\n<p class=\"gb-text gb-text-32aba8f4\">Comprendre les besoins de nos clients de leur point de vue est essentiel. Valoriser les r\u00e9ussites et la satisfaction de nos coll\u00e8gues l'est tout autant pour offrir une exp\u00e9rience client optimale. Nous avons tous un r\u00f4le \u00e0 jouer pour soutenir une culture du service client exemplaire.<\/p>\n<\/div>\n\n\n\n<div class=\"gb-element-b8c1fa9c\">\n<h3 class=\"gb-text\"><strong><strong><strong><strong><strong><strong>Responsabilit\u00e9<\/strong><\/strong><\/strong><\/strong><\/strong><\/strong><\/h3>\n\n\n\n<p class=\"gb-text gb-text-89c079d8\">Nous croyons fermement en une conduite \u00e9thique, o\u00f9 nos relations avec les membres de l\u2019\u00e9quipe, les clients, les partenaires et les actionnaires reposent sur la confiance et l\u2019honn\u00eatet\u00e9. Nous nous engageons \u00e0 r\u00e9aliser notre travail \u00e0 temps, avec la meilleure qualit\u00e9, et \u00e0 respecter nos engagements.<\/p>\n<\/div>\n\n\n\n<div class=\"gb-element-71337535\">\n<h3 class=\"gb-text\"><strong><strong><strong><strong><strong><strong>Humilit\u00e9<\/strong><\/strong><\/strong><\/strong><\/strong><\/strong><\/h3>\n\n\n\n<p class=\"gb-text gb-text-488c8e64\">Nous valorisons l\u2019ouverture en \u00e9coutant les retours pour am\u00e9liorer continuellement nos processus, produits et services. Nous reconnaissons ceux qui contribuent \u00e0 notre succ\u00e8s et tirons des enseignements \u00e9gaux de nos erreurs et de nos r\u00e9ussites.<\/p>\n<\/div>\n\n\n\n<div class=\"gb-element-547fd1da\">\n<h3 class=\"gb-text\"><strong><strong><strong><strong><strong><strong><strong>Frugalit\u00e9<\/strong><\/strong><\/strong><\/strong><\/strong><\/strong><\/strong><\/h3>\n\n\n\n<p class=\"gb-text gb-text-8b35e572\">Notre philosophie consiste \u00e0 faire \u00ab plus avec moins \u00bb en \u00e9conomisant judicieusement et en d\u00e9pensant efficacement. En \u00e9vitant les d\u00e9penses inutiles, nous cr\u00e9ons un excellent environnement de travail pour notre \u00e9quipe tout en offrant des produits et services de haute qualit\u00e9 \u00e0 des prix comp\u00e9titifs pour nos clients.<\/p>\n<\/div>\n<\/div>\n<\/div>\n<\/section>\n\n\n\n<section class=\"gb-element-76f5c696\">\n<div class=\"section--default\">\n<h2 class=\"gb-text gb-text-ca5b96ee\">Rencontrez l'\u00e9quipe<\/h2>\n\n\n\n<div data-gb-router-region=\"query-75a29dcc\" class=\"team-mozrest\"><div class=\"gb-looper-24da4b55\">\n<div class=\"gb-loop-item gb-loop-item-fb018e00 post-256 team-member type-team-member status-publish hentry\">\n<div class=\"gb-element-344fe7c1\"><\/div>\n\n\n\n<p class=\"gb-text text--md gb-text-3aff6279\">J\u00e9r\u00f4me Pernollet<\/p>\n\n\n\n\n<\/div>\n\n<div class=\"gb-loop-item gb-loop-item-fb018e00 post-490 team-member type-team-member status-publish hentry\">\n<div class=\"gb-element-344fe7c1\"><\/div>\n\n\n\n<p class=\"gb-text text--md gb-text-3aff6279\">Eurydice Hall\u00e9<\/p>\n\n\n\n\n<\/div>\n\n<div class=\"gb-loop-item gb-loop-item-fb018e00 post-2016 team-member type-team-member status-publish hentry\">\n<div class=\"gb-element-344fe7c1\"><\/div>\n\n\n\n<p class=\"gb-text text--md gb-text-3aff6279\">Ho Kwan Fan<\/p>\n\n\n\n\n<\/div>\n\n<div class=\"gb-loop-item gb-loop-item-fb018e00 post-271 team-member type-team-member status-publish hentry\">\n<div class=\"gb-element-344fe7c1\"><\/div>\n\n\n\n<p class=\"gb-text text--md gb-text-3aff6279\">Alberto L\u00f3pez<\/p>\n\n\n\n\n<\/div>\n\n<div class=\"gb-loop-item gb-loop-item-fb018e00 post-273 team-member type-team-member status-publish hentry\">\n<div class=\"gb-element-344fe7c1\"><\/div>\n\n\n\n<p class=\"gb-text text--md gb-text-3aff6279\">\u00c1ngel Guevara<\/p>\n\n\n\n\n<\/div>\n\n<div class=\"gb-loop-item gb-loop-item-fb018e00 post-266 team-member type-team-member status-publish hentry\">\n<div class=\"gb-element-344fe7c1\"><\/div>\n\n\n\n<p class=\"gb-text text--md gb-text-3aff6279\">Iv\u00e1n Gonz\u00e1lez Vald\u00e9s<\/p>\n\n\n\n\n<\/div>\n<\/div><\/div>\n\n\n\n<h2 class=\"gb-text gb-text-528f51c9\">Contributeurs<\/h2>\n\n\n\n<div data-gb-router-region=\"query-bf4b0965\" class=\"team-contributors\"><div class=\"gb-looper-6054cf31\">\n<div class=\"gb-loop-item gb-loop-item-ea643ca4 post-274 team-member type-team-member status-publish hentry\">\n<div class=\"gb-element-8274e6c2\"><\/div>\n\n\n\n<p class=\"gb-text text--md gb-text-8b8eb334\">Jacques-Alexandre Halle\u0301<\/p>\n\n\n\n\n<\/div>\n<\/div><\/div>\n<\/div>\n<\/section>\n\n\n\n<section class=\"gb-element-526e9e20\" id=\"moz-careers-section\">\n<div class=\"section--medium gb-element-1010f8e7\">\n<h2 class=\"gb-text gb-text-b6fd7057\">Carri\u00e8res<\/h2>\n\n\n\n<p class=\"gb-text gb-text-d608143c\">Nous recherchons des talents proactifs et tr\u00e8s motiv\u00e9s pour soutenir notre croissance continue.<\/p>\n\n\n\n<p class=\"gb-text gb-text-ebaccb5f\">Rejoignez notre \u00e9quipe !<\/p>\n\n\n\n<div id=\"moz-jobs-list\"><\/div>\n<\/div>\n<\/section>","protected":false},"excerpt":{"rendered":"<p>About us Our story Founded in London in 2020, Mozrest is a middleware solution specialising in the restaurant industry. We bridge the gap between booking platforms, reservation management software, and point-of-sale (POS) systems. We handle the complex &#8220;digital plumbing&#8221; of multi-channel connectivity, providing white-label solutions that allow software providers to scale instantly without the heavy &#8230; <a title=\"Qui sommes-nous\" class=\"read-more\" href=\"https:\/\/mozrest.com\/fr-fr\/about-us\/\" aria-label=\"En savoir plus sur About us\">Lire plus<\/a><\/p>","protected":false},"author":1,"featured_media":0,"parent":0,"menu_order":8,"comment_status":"closed","ping_status":"closed","template":"","meta":{"_acf_changed":false,"footnotes":""},"class_list":["post-32","page","type-page","status-publish"],"acf":[],"_links":{"self":[{"href":"https:\/\/mozrest.com\/fr-fr\/wp-json\/wp\/v2\/pages\/32","targetHints":{"allow":["GET"]}}],"collection":[{"href":"https:\/\/mozrest.com\/fr-fr\/wp-json\/wp\/v2\/pages"}],"about":[{"href":"https:\/\/mozrest.com\/fr-fr\/wp-json\/wp\/v2\/types\/page"}],"author":[{"embeddable":true,"href":"https:\/\/mozrest.com\/fr-fr\/wp-json\/wp\/v2\/users\/1"}],"replies":[{"embeddable":true,"href":"https:\/\/mozrest.com\/fr-fr\/wp-json\/wp\/v2\/comments?post=32"}],"version-history":[{"count":4,"href":"https:\/\/mozrest.com\/fr-fr\/wp-json\/wp\/v2\/pages\/32\/revisions"}],"predecessor-version":[{"id":3335,"href":"https:\/\/mozrest.com\/fr-fr\/wp-json\/wp\/v2\/pages\/32\/revisions\/3335"}],"wp:attachment":[{"href":"https:\/\/mozrest.com\/fr-fr\/wp-json\/wp\/v2\/media?parent=32"}],"curies":[{"name":"wp","href":"https:\/\/api.w.org\/{rel}","templated":true}]}}