{"id":32,"date":"2025-07-17T19:12:24","date_gmt":"2025-07-17T19:12:24","guid":{"rendered":"https:\/\/preprod.keroz.fr\/mozrest\/?page_id=32"},"modified":"2026-04-16T10:57:13","modified_gmt":"2026-04-16T10:57:13","slug":"sobre-nosotros","status":"publish","type":"page","link":"https:\/\/mozrest.com\/es-es\/about-us\/","title":{"rendered":"Sobre nosotros"},"content":{"rendered":"<section class=\"gb-element-a18a5517 hero\">\n<div class=\"gb-element-eb268242\">\n<h1 class=\"gb-text section--x-large gb-text-0d2da8b7\">Sobre nosotros<\/h1>\n<\/div>\n<\/section>\n\n\n\n<section>\n<div class=\"section--small\">\n<h2 class=\"gb-text\">Nuestra historia<\/h2>\n\n\n\n<p class=\"gb-text\">Fundada en Londres en 2020, Mozrest es una soluci\u00f3n de middleware especializada en el sector de la restauraci\u00f3n. Conectamos las plataformas de reserva, el software de gesti\u00f3n de reservas y los sistemas de punto de venta (TPV).<\/p>\n\n\n\n<p>Gestionamos la complejidad de la conectividad multicanal, ofreciendo soluciones de marca blanca que permiten a los proveedores de software escalar al instante, sin la pesada carga de los desarrollos a medida.<\/p>\n\n\n\n<p><a href=\"https:\/\/mozrest.com\/es-es\/socios\/\" data-type=\"link\" data-id=\"https:\/\/mozrest.com\/en-gb\/partners\/\">Mozrest se integra con m\u00e1s de 100 l\u00edderes tecnol\u00f3gicos del sector de la restauraci\u00f3n<\/a>, entre los que se incluyen SevenRooms, Oracle, Lightspeed, Google, Apple Maps y la Gu\u00eda MICHELIN.<\/p>\n\n\n\n<h2 class=\"gb-text\">Nuestros valores<\/h2>\n\n\n\n<p class=\"gb-text\">La visi\u00f3n de Mozrest se apoya en 9 valores divididos en dos categor\u00edas: Valores Humanos y Principios de Liderazgo, para dar forma a la cultura de nuestra empresa y a la estrategia empresarial.<\/p>\n\n\n\n<div class=\"gb-text eyebrown gb-text-7aa74c67\">Valores Humanos<\/div>\n\n\n\n<div class=\"gb-element-f2fee2c4\">\n<div class=\"gb-element-b3619ad4\">\n<h3 class=\"gb-text\"><strong>Gratitud<\/strong><\/h3>\n\n\n\n<p class=\"gb-text gb-text-76ee217d\">Al cerrar una semana, trimestre o a\u00f1o emocionante con nuestro equipo, nos sentimos agradecidos por el esfuerzo que ponen cada d\u00eda. Valoramos a nuestros empleados al hacer que participen en la toma de decisiones, escuchando atentamente sus ideas y brindando reconocimiento sincero y constante.<\/p>\n<\/div>\n\n\n\n<div class=\"gb-element-44a9c52e\">\n<h3 class=\"gb-text\"><strong><strong><strong>Amabilidad<\/strong><\/strong><\/strong><\/h3>\n\n\n\n<p class=\"gb-text gb-text-f64cdb29\">Dar tiempo, conocimiento y talento marca una diferencia positiva en el lugar de trabajo. Compartir experiencias, transferir habilidades y proporcionar retroalimentaci\u00f3n constructiva y honesta con amabilidad para ayudar a otros a avanzar en su camino hacia el \u00e9xito son cruciales para nosotros.<\/p>\n<\/div>\n\n\n\n<div class=\"gb-element-403d271c\">\n<h3 class=\"gb-text\"><strong><strong><strong><strong><strong>Consideraci\u00f3n<\/strong><\/strong><\/strong><\/strong><\/strong><\/h3>\n\n\n\n<p class=\"gb-text gb-text-4a6c4ef8\">Nos enfocamos en la colaboraci\u00f3n y respetamos las preocupaciones, intereses y valores de cada compa\u00f1ero de trabajo. No solo hace que nuestra oficina sea un mejor lugar para estar; tambi\u00e9n le da a nuestro negocio la ventaja de la conexi\u00f3n humana, donde todos trabajan bien juntos.<\/p>\n<\/div>\n\n\n\n<div class=\"gb-element-9bfa26f8\">\n<h3 class=\"gb-text\"><strong><strong><strong><strong><strong>Compromiso a largo plazo<\/strong><\/strong><\/strong><\/strong><\/strong><\/h3>\n\n\n\n<p class=\"gb-text gb-text-f05e3200\">El entusiasmo por el trabajo y la dedicaci\u00f3n son vitales para apoyar nuestra visi\u00f3n y \u00e9xito a largo plazo. Mozrest ofrece oportunidades profesionales a empleados dedicados que demuestran compromiso a trav\u00e9s de su profesionalismo, disposici\u00f3n para ayudar y deseo de avanzar.<\/p>\n<\/div>\n<\/div>\n\n\n\n<div class=\"gb-text eyebrown gb-text-6f9f2ea7\">Principios De Liderazgo<\/div>\n\n\n\n<div class=\"gb-element-d5fd7606\">\n<div class=\"gb-element-a797f50a\">\n<h3 class=\"gb-text\"><strong><strong>Obsesi\u00f3n por las asociaciones<\/strong><\/strong><\/h3>\n\n\n\n<p class=\"gb-text gb-text-2f0d7ae9\">Estamos obsesionados con forjar asociaciones sostenibles caracterizadas por un cuidado y apoyo excepcionales. Conocemos a nuestros socios de manera personal para entender qu\u00e9 soluciones necesitan y construir una relaci\u00f3n s\u00f3lida basada en la confianza y el respeto, convirti\u00e9ndolos en nuestros mejores embajadores.<\/p>\n<\/div>\n\n\n\n<div class=\"gb-element-bbd28298\">\n<h3 class=\"gb-text\"><strong><strong><strong><strong>Empat\u00eda<\/strong><\/strong><\/strong><\/strong><\/h3>\n\n\n\n<p class=\"gb-text gb-text-32aba8f4\">Comprender las necesidades de nuestros clientes desde su perspectiva es crucial, pero prestar atenci\u00f3n a los logros y la satisfacci\u00f3n de nuestros compa\u00f1eros de equipo tambi\u00e9n es esencial para ofrecer la mejor experiencia al cliente posible. Todos desempe\u00f1amos un papel en el apoyo a una cultura de servicio al cliente excelente.<\/p>\n<\/div>\n\n\n\n<div class=\"gb-element-b8c1fa9c\">\n<h3 class=\"gb-text\"><strong><strong><strong><strong><strong><strong>Responsabilidad<\/strong><\/strong><\/strong><\/strong><\/strong><\/strong><\/h3>\n\n\n\n<p class=\"gb-text gb-text-89c079d8\">Creemos en una conducta \u00e9tica s\u00f3lida cuando nuestra relaci\u00f3n con los miembros del equipo, clientes, socios y accionistas se basa en la confianza y la honestidad. Siempre asumimos la responsabilidad de cumplir con nuestro trabajo a tiempo y con la m\u00e1xima calidad posible y honramos nuestros compromisos.<\/p>\n<\/div>\n\n\n\n<div class=\"gb-element-71337535\">\n<h3 class=\"gb-text\"><strong><strong><strong><strong><strong><strong>Humildad<\/strong><\/strong><\/strong><\/strong><\/strong><\/strong><\/h3>\n\n\n\n<p class=\"gb-text gb-text-488c8e64\">Valoramos la apertura: siempre escuchamos comentarios para mejorar continuamente nuestros procesos, productos y servicios, reconocemos a quienes nos ayudaron a tener \u00e9xito en nuestra misi\u00f3n y aprendemos de nuestros errores y \u00e9xitos por igual.<\/p>\n<\/div>\n\n\n\n<div class=\"gb-element-547fd1da\">\n<h3 class=\"gb-text\"><strong><strong><strong><strong><strong><strong><strong>Frugalidad<\/strong><\/strong><\/strong><\/strong><\/strong><\/strong><\/strong><\/h3>\n\n\n\n<p class=\"gb-text gb-text-8b35e572\">Nuestra filosof\u00eda es hacer \u201cm\u00e1s con menos\u201d ahorrando y gastando de manera eficiente. Evitar gastos innecesarios nos permite proporcionar un gran ambiente de trabajo a nuestro equipo y ofrecer productos y servicios de alta calidad a precios competitivos en el mercado a nuestros clientes.<\/p>\n<\/div>\n<\/div>\n<\/div>\n<\/section>\n\n\n\n<section class=\"gb-element-76f5c696\">\n<div class=\"section--default\">\n<h2 class=\"gb-text gb-text-ca5b96ee\">Conoce al equipo<\/h2>\n\n\n\n<div data-gb-router-region=\"query-75a29dcc\" class=\"team-mozrest\"><div class=\"gb-looper-24da4b55\">\n<div class=\"gb-loop-item gb-loop-item-fb018e00 post-256 team-member type-team-member status-publish hentry\">\n<div class=\"gb-element-344fe7c1\"><\/div>\n\n\n\n<p class=\"gb-text text--md gb-text-3aff6279\">J\u00e9r\u00f4me Pernollet<\/p>\n\n\n\n\n<\/div>\n\n<div class=\"gb-loop-item gb-loop-item-fb018e00 post-490 team-member type-team-member status-publish hentry\">\n<div class=\"gb-element-344fe7c1\"><\/div>\n\n\n\n<p class=\"gb-text text--md gb-text-3aff6279\">Eurydice Hall\u00e9<\/p>\n\n\n\n\n<\/div>\n\n<div class=\"gb-loop-item gb-loop-item-fb018e00 post-2016 team-member type-team-member status-publish hentry\">\n<div class=\"gb-element-344fe7c1\"><\/div>\n\n\n\n<p class=\"gb-text text--md gb-text-3aff6279\">Ho Kwan Fan<\/p>\n\n\n\n\n<\/div>\n\n<div class=\"gb-loop-item gb-loop-item-fb018e00 post-271 team-member type-team-member status-publish hentry\">\n<div class=\"gb-element-344fe7c1\"><\/div>\n\n\n\n<p class=\"gb-text text--md gb-text-3aff6279\">Alberto L\u00f3pez<\/p>\n\n\n\n\n<\/div>\n\n<div class=\"gb-loop-item gb-loop-item-fb018e00 post-273 team-member type-team-member status-publish hentry\">\n<div class=\"gb-element-344fe7c1\"><\/div>\n\n\n\n<p class=\"gb-text text--md gb-text-3aff6279\">\u00c1ngel Guevara<\/p>\n\n\n\n\n<\/div>\n\n<div class=\"gb-loop-item gb-loop-item-fb018e00 post-266 team-member type-team-member status-publish hentry\">\n<div class=\"gb-element-344fe7c1\"><\/div>\n\n\n\n<p class=\"gb-text text--md gb-text-3aff6279\">Iv\u00e1n Gonz\u00e1lez Vald\u00e9s<\/p>\n\n\n\n\n<\/div>\n<\/div><\/div>\n\n\n\n<h2 class=\"gb-text gb-text-528f51c9\">Contribuidores<\/h2>\n\n\n\n<div data-gb-router-region=\"query-bf4b0965\" class=\"team-contributors\"><div class=\"gb-looper-6054cf31\">\n<div class=\"gb-loop-item gb-loop-item-ea643ca4 post-274 team-member type-team-member status-publish hentry\">\n<div class=\"gb-element-8274e6c2\"><\/div>\n\n\n\n<p class=\"gb-text text--md gb-text-8b8eb334\">Jacques-Alexandre Halle\u0301<\/p>\n\n\n\n\n<\/div>\n<\/div><\/div>\n<\/div>\n<\/section>\n\n\n\n<section class=\"gb-element-526e9e20\" id=\"moz-careers-section\">\n<div class=\"section--medium gb-element-1010f8e7\">\n<h2 class=\"gb-text gb-text-b6fd7057\">Carreras<\/h2>\n\n\n\n<p class=\"gb-text gb-text-d608143c\">Buscamos talentos proactivos y altamente motivados para apoyar nuestro continuo crecimiento.<\/p>\n\n\n\n<p class=\"gb-text gb-text-ebaccb5f\">\u00a1\u00danete a nuestro equipo!<\/p>\n\n\n\n<div id=\"moz-jobs-list\"><\/div>\n<\/div>\n<\/section>","protected":false},"excerpt":{"rendered":"<p>About us Our story Founded in London in 2020, Mozrest is a middleware solution specialising in the restaurant industry. We bridge the gap between booking platforms, reservation management software, and point-of-sale (POS) systems. We handle the complex &#8220;digital plumbing&#8221; of multi-channel connectivity, providing white-label solutions that allow software providers to scale instantly without the heavy &#8230; <a title=\"Sobre nosotros\" class=\"read-more\" href=\"https:\/\/mozrest.com\/es-es\/about-us\/\" aria-label=\"Leer m\u00e1s sobre About us\">Leer m\u00e1s<\/a><\/p>","protected":false},"author":1,"featured_media":0,"parent":0,"menu_order":8,"comment_status":"closed","ping_status":"closed","template":"","meta":{"_acf_changed":false,"footnotes":""},"class_list":["post-32","page","type-page","status-publish"],"acf":[],"_links":{"self":[{"href":"https:\/\/mozrest.com\/es-es\/wp-json\/wp\/v2\/pages\/32","targetHints":{"allow":["GET"]}}],"collection":[{"href":"https:\/\/mozrest.com\/es-es\/wp-json\/wp\/v2\/pages"}],"about":[{"href":"https:\/\/mozrest.com\/es-es\/wp-json\/wp\/v2\/types\/page"}],"author":[{"embeddable":true,"href":"https:\/\/mozrest.com\/es-es\/wp-json\/wp\/v2\/users\/1"}],"replies":[{"embeddable":true,"href":"https:\/\/mozrest.com\/es-es\/wp-json\/wp\/v2\/comments?post=32"}],"version-history":[{"count":4,"href":"https:\/\/mozrest.com\/es-es\/wp-json\/wp\/v2\/pages\/32\/revisions"}],"predecessor-version":[{"id":3335,"href":"https:\/\/mozrest.com\/es-es\/wp-json\/wp\/v2\/pages\/32\/revisions\/3335"}],"wp:attachment":[{"href":"https:\/\/mozrest.com\/es-es\/wp-json\/wp\/v2\/media?parent=32"}],"curies":[{"name":"wp","href":"https:\/\/api.w.org\/{rel}","templated":true}]}}