{"id":32,"date":"2025-07-17T19:12:24","date_gmt":"2025-07-17T19:12:24","guid":{"rendered":"https:\/\/preprod.keroz.fr\/mozrest\/?page_id=32"},"modified":"2026-04-16T10:57:13","modified_gmt":"2026-04-16T10:57:13","slug":"about-us","status":"publish","type":"page","link":"https:\/\/mozrest.com\/en-gb\/about-us\/","title":{"rendered":"About us"},"content":{"rendered":"\n<section class=\"gb-element-a18a5517 hero\">\n<div class=\"gb-element-eb268242\">\n<h1 class=\"gb-text section--x-large gb-text-0d2da8b7\">About us<\/h1>\n<\/div>\n<\/section>\n\n\n\n<section>\n<div class=\"section--small\">\n<h2 class=\"gb-text\">Our story<\/h2>\n\n\n\n<p class=\"gb-text\">Founded in London in 2020, Mozrest is a middleware solution specialising in the restaurant industry. We bridge the gap between booking platforms, reservation management software, and point-of-sale (POS) systems.<\/p>\n\n\n\n<p>We handle the complex &#8220;digital plumbing&#8221; of multi-channel connectivity, providing white-label solutions that allow software providers to scale instantly without the heavy lifting of custom builds.<\/p>\n\n\n\n<p><a href=\"https:\/\/mozrest.com\/en-gb\/partners\/\" data-type=\"link\" data-id=\"https:\/\/mozrest.com\/en-gb\/partners\/\">Mozrest integrates with 100+ restaurant tech leaders<\/a>, including SevenRooms, Oracle, Lightspeed, Google, Apple Maps, and the MICHELIN Guide.<\/p>\n\n\n\n<h2 class=\"gb-text\">Our values<\/h2>\n\n\n\n<p class=\"gb-text\">Mozrest\u2019s vision is supported by 9 values declined in two categories \u2013 Human values and Leadership principles \u2013 to better shape our company\u2019s culture and business strategy.<\/p>\n\n\n\n<div class=\"gb-text eyebrown gb-text-7aa74c67\">Human value<\/div>\n\n\n\n<div class=\"gb-element-f2fee2c4\">\n<div class=\"gb-element-b3619ad4\">\n<h3 class=\"gb-text\"><strong>Gratitude<\/strong><\/h3>\n\n\n\n<p class=\"gb-text gb-text-76ee217d\">As we close out an exciting week, quarter, or year with our team, we feel blessed for the hard work they put in every day. We value our employees by getting them to participate in decision-making, listening intently to their ideas, and providing sincere and consistent recognition.<\/p>\n<\/div>\n\n\n\n<div class=\"gb-element-44a9c52e\">\n<h3 class=\"gb-text\"><strong><strong><strong>Kindness<\/strong><\/strong><\/strong><\/h3>\n\n\n\n<p class=\"gb-text gb-text-f64cdb29\">Giving time, knowledge, and talent makes a positive difference in the workplace. Sharing experiences, transferring skills, and providing constructive and honest feedback with kindness to help others advance on their journey to success are crucial to us.<\/p>\n<\/div>\n\n\n\n<div class=\"gb-element-403d271c\">\n<h3 class=\"gb-text\"><strong><strong><strong><strong><strong>Thoughtfulness<\/strong><\/strong><\/strong><\/strong><\/strong><\/h3>\n\n\n\n<p class=\"gb-text gb-text-4a6c4ef8\">We focus on collaboration and respect the concerns, interests, and values of each co-worker. It does not just make our office a better place to be; it gives our business the edge of human connection where everyone works well together.<\/p>\n<\/div>\n\n\n\n<div class=\"gb-element-9bfa26f8\">\n<h3 class=\"gb-text\"><strong><strong><strong><strong><strong>Long-term commitment<\/strong><\/strong><\/strong><\/strong><\/strong><\/h3>\n\n\n\n<p class=\"gb-text gb-text-f05e3200\">Job enthusiasm and dedication at work are vital to support our long-term vision and success. Mozrest provides professional opportunities to dedicated employees who show commitment through their professionalism, willingness to help and desire to advance.<\/p>\n<\/div>\n<\/div>\n\n\n\n<div class=\"gb-text eyebrown gb-text-6f9f2ea7\">Leadership principles<\/div>\n\n\n\n<div class=\"gb-element-d5fd7606\">\n<div class=\"gb-element-a797f50a\">\n<h3 class=\"gb-text\"><strong><strong>Partnership obsession<\/strong><\/strong><\/h3>\n\n\n\n<p class=\"gb-text gb-text-2f0d7ae9\">We are obsessed with forging sustainable partnerships characterised by exceptional care and support. We get to know our partners personally to understand what solutions they need and build a strong relationship based on trust and respect to make them our best ambassadors.<\/p>\n<\/div>\n\n\n\n<div class=\"gb-element-bbd28298\">\n<h3 class=\"gb-text\"><strong><strong><strong><strong>Empathy<\/strong><\/strong><\/strong><\/strong><\/h3>\n\n\n\n<p class=\"gb-text gb-text-32aba8f4\">Understanding our customers\u2019 needs from their point of view is crucial, but paying attention to our team members\u2019 accomplishments and satisfaction is also essential to provide the best customer experience possible. We all play a role in supporting an excellent customer service culture.<\/p>\n<\/div>\n\n\n\n<div class=\"gb-element-b8c1fa9c\">\n<h3 class=\"gb-text\"><strong><strong><strong><strong><strong><strong>Ownership<\/strong><\/strong><\/strong><\/strong><\/strong><\/strong><\/h3>\n\n\n\n<p class=\"gb-text gb-text-89c079d8\">We believe in strong ethical conduct when our relationship with team members, clients, partners and shareholders is based on trust and honesty. We always take responsibility for accomplishing our work on time with the highest quality possible and honour our commitments.<\/p>\n<\/div>\n\n\n\n<div class=\"gb-element-71337535\">\n<h3 class=\"gb-text\"><strong><strong><strong><strong><strong><strong>Humility<\/strong><\/strong><\/strong><\/strong><\/strong><\/strong><\/h3>\n\n\n\n<p class=\"gb-text gb-text-488c8e64\">We value openness -always listening to feedback to improve our processes, products and services continuously-, recognise those who helped us succeed in our mission and learn from our mistakes and successes in equal measure.<\/p>\n<\/div>\n\n\n\n<div class=\"gb-element-547fd1da\">\n<h3 class=\"gb-text\"><strong><strong><strong><strong><strong><strong><strong>Frugality<\/strong><\/strong><\/strong><\/strong><\/strong><\/strong><\/strong><\/h3>\n\n\n\n<p class=\"gb-text gb-text-8b35e572\">Our philosophy is to do \u201cmore with less\u201d by prudently saving and spending as efficiently as possible. Avoiding wasteful expenses allow us to provide a great working environment to our team and offer high-quality products and services at competitive market prices to our customers.<\/p>\n<\/div>\n<\/div>\n<\/div>\n<\/section>\n\n\n\n<section class=\"gb-element-76f5c696\">\n<div class=\"section--default\">\n<h2 class=\"gb-text gb-text-ca5b96ee\">Meet the team<\/h2>\n\n\n\n<div data-gb-router-region=\"query-75a29dcc\" class=\"team-mozrest\"><div class=\"gb-looper-24da4b55\">\n<div class=\"gb-loop-item gb-loop-item-fb018e00 post-256 team-member type-team-member status-publish hentry\">\n<div class=\"gb-element-344fe7c1\"><\/div>\n\n\n\n<p class=\"gb-text text--md gb-text-3aff6279\">J\u00e9r\u00f4me Pernollet<\/p>\n\n\n\n\n<\/div>\n\n<div class=\"gb-loop-item gb-loop-item-fb018e00 post-490 team-member type-team-member status-publish hentry\">\n<div class=\"gb-element-344fe7c1\"><\/div>\n\n\n\n<p class=\"gb-text text--md gb-text-3aff6279\">Eurydice Hall\u00e9<\/p>\n\n\n\n\n<\/div>\n\n<div class=\"gb-loop-item gb-loop-item-fb018e00 post-2016 team-member type-team-member status-publish hentry\">\n<div class=\"gb-element-344fe7c1\"><\/div>\n\n\n\n<p class=\"gb-text text--md gb-text-3aff6279\">Ho Kwan Fan<\/p>\n\n\n\n\n<\/div>\n\n<div class=\"gb-loop-item gb-loop-item-fb018e00 post-271 team-member type-team-member status-publish hentry\">\n<div class=\"gb-element-344fe7c1\"><\/div>\n\n\n\n<p class=\"gb-text text--md gb-text-3aff6279\">Alberto L\u00f3pez<\/p>\n\n\n\n\n<\/div>\n\n<div class=\"gb-loop-item gb-loop-item-fb018e00 post-273 team-member type-team-member status-publish hentry\">\n<div class=\"gb-element-344fe7c1\"><\/div>\n\n\n\n<p class=\"gb-text text--md gb-text-3aff6279\">\u00c1ngel Guevara<\/p>\n\n\n\n\n<\/div>\n\n<div class=\"gb-loop-item gb-loop-item-fb018e00 post-266 team-member type-team-member status-publish hentry\">\n<div class=\"gb-element-344fe7c1\"><\/div>\n\n\n\n<p class=\"gb-text text--md gb-text-3aff6279\">Iv\u00e1n Gonz\u00e1lez Vald\u00e9s<\/p>\n\n\n\n\n<\/div>\n<\/div><\/div>\n\n\n\n<h2 class=\"gb-text gb-text-528f51c9\">Contributors<\/h2>\n\n\n\n<div data-gb-router-region=\"query-bf4b0965\" class=\"team-contributors\"><div class=\"gb-looper-6054cf31\">\n<div class=\"gb-loop-item gb-loop-item-ea643ca4 post-274 team-member type-team-member status-publish hentry\">\n<div class=\"gb-element-8274e6c2\"><\/div>\n\n\n\n<p class=\"gb-text text--md gb-text-8b8eb334\">Jacques-Alexandre Halle\u0301<\/p>\n\n\n\n\n<\/div>\n<\/div><\/div>\n<\/div>\n<\/section>\n\n\n\n<section class=\"gb-element-526e9e20\" id=\"moz-careers-section\">\n<div class=\"section--medium gb-element-1010f8e7\">\n<h2 class=\"gb-text gb-text-b6fd7057\">Careers<\/h2>\n\n\n\n<p class=\"gb-text gb-text-d608143c\">We are looking for proactive and highly motivated talents to support our continued growth.<\/p>\n\n\n\n<p class=\"gb-text gb-text-ebaccb5f\">Join our team!<\/p>\n\n\n\n<div id=\"moz-jobs-list\"><\/div>\n<\/div>\n<\/section>\n","protected":false},"excerpt":{"rendered":"<p>About us Our story Founded in London in 2020, Mozrest is a middleware solution specialising in the restaurant industry. We bridge the gap between booking platforms, reservation management software, and point-of-sale (POS) systems. We handle the complex &#8220;digital plumbing&#8221; of multi-channel connectivity, providing white-label solutions that allow software providers to scale instantly without the heavy &#8230; <a title=\"About us\" class=\"read-more\" href=\"https:\/\/mozrest.com\/en-gb\/about-us\/\" aria-label=\"Read more about About us\">Read more<\/a><\/p>\n","protected":false},"author":1,"featured_media":0,"parent":0,"menu_order":8,"comment_status":"closed","ping_status":"closed","template":"","meta":{"_acf_changed":false,"footnotes":""},"class_list":["post-32","page","type-page","status-publish"],"acf":[],"_links":{"self":[{"href":"https:\/\/mozrest.com\/en-gb\/wp-json\/wp\/v2\/pages\/32","targetHints":{"allow":["GET"]}}],"collection":[{"href":"https:\/\/mozrest.com\/en-gb\/wp-json\/wp\/v2\/pages"}],"about":[{"href":"https:\/\/mozrest.com\/en-gb\/wp-json\/wp\/v2\/types\/page"}],"author":[{"embeddable":true,"href":"https:\/\/mozrest.com\/en-gb\/wp-json\/wp\/v2\/users\/1"}],"replies":[{"embeddable":true,"href":"https:\/\/mozrest.com\/en-gb\/wp-json\/wp\/v2\/comments?post=32"}],"version-history":[{"count":4,"href":"https:\/\/mozrest.com\/en-gb\/wp-json\/wp\/v2\/pages\/32\/revisions"}],"predecessor-version":[{"id":3335,"href":"https:\/\/mozrest.com\/en-gb\/wp-json\/wp\/v2\/pages\/32\/revisions\/3335"}],"wp:attachment":[{"href":"https:\/\/mozrest.com\/en-gb\/wp-json\/wp\/v2\/media?parent=32"}],"curies":[{"name":"wp","href":"https:\/\/api.w.org\/{rel}","templated":true}]}}