{"id":32,"date":"2025-07-17T19:12:24","date_gmt":"2025-07-17T19:12:24","guid":{"rendered":"https:\/\/preprod.keroz.fr\/mozrest\/?page_id=32"},"modified":"2026-04-16T10:57:13","modified_gmt":"2026-04-16T10:57:13","slug":"uber-uns","status":"publish","type":"page","link":"https:\/\/mozrest.com\/de-de\/about-us\/","title":{"rendered":"\u00dcber uns"},"content":{"rendered":"<section class=\"gb-element-a18a5517 hero\">\n<div class=\"gb-element-eb268242\">\n<h1 class=\"gb-text section--x-large gb-text-0d2da8b7\">\u00dcber uns<\/h1>\n<\/div>\n<\/section>\n\n\n\n<section>\n<div class=\"section--small\">\n<h2 class=\"gb-text\">Unsere Geschichte<\/h2>\n\n\n\n<p class=\"gb-text\">Mozrest wurde 2020 in London gegr\u00fcndet und ist eine Middleware-L\u00f6sung, die auf das Gastgewerbe spezialisiert ist. Wir schlagen die Br\u00fccke zwischen Buchungsplattformen, Reservierungs-Management-Systemen und Kassensystemen (POS).<\/p>\n\n\n\n<p>Wir k\u00fcmmern uns um die komplexe digitale Infrastruktur der Multi-Channel-Konnektivit\u00e4t. Mit unseren White-Label-L\u00f6sungen k\u00f6nnen Softwareanbieter sofort skalieren, ohne den enormen Aufwand f\u00fcr eigene Individualentwicklungen betreiben zu m\u00fcssen.<\/p>\n\n\n\n<p><a href=\"https:\/\/mozrest.com\/de-de\/partner-2\/\" data-type=\"link\" data-id=\"https:\/\/mozrest.com\/en-gb\/partners\/\">Mozrest integriert sich mit \u00fcber 100 f\u00fchrenden Anbietern von Restaurant-Technologie<\/a>, darunter SevenRooms, Oracle, Lightspeed, Google, Apple Maps und der MICHELIN Guide.<\/p>\n\n\n\n<h2 class=\"gb-text\">Unsere Werte<\/h2>\n\n\n\n<p class=\"gb-text\">Die Vision von Mozrest st\u00fctzt sich auf 9 Werte, die in zwei Kategorien unterteilt sind \u2013 Menschliche Werte und F\u00fchrungsprinzipien \u2013, um unsere Unternehmenskultur und Gesch\u00e4ftsstrategie besser zu formen.<\/p>\n\n\n\n<div class=\"gb-text eyebrown gb-text-7aa74c67\">Menschliche Werte<\/div>\n\n\n\n<div class=\"gb-element-f2fee2c4\">\n<div class=\"gb-element-b3619ad4\">\n<h3 class=\"gb-text\"><strong>Dankbarkeit<\/strong><\/h3>\n\n\n\n<p class=\"gb-text gb-text-76ee217d\">Wenn wir eine spannende Woche, ein Quartal oder ein Jahr mit unserem Team abschlie\u00dfen, f\u00fchlen wir uns gesegnet f\u00fcr die harte Arbeit, die sie jeden Tag leisten. Wir sch\u00e4tzen unsere Mitarbeiter, indem wir sie an der Entscheidungsfindung beteiligen, ihren Ideen aufmerksam zuh\u00f6ren und aufrichtige sowie konsistente Anerkennung geben.<\/p>\n<\/div>\n\n\n\n<div class=\"gb-element-44a9c52e\">\n<h3 class=\"gb-text\"><strong><strong><strong>Freundlichkeit<\/strong><\/strong><\/strong><\/h3>\n\n\n\n<p class=\"gb-text gb-text-f64cdb29\">Zeit, Wissen und Talent zu geben, macht einen positiven Unterschied am Arbeitsplatz. Erfahrungen zu teilen, F\u00e4higkeiten zu \u00fcbertragen und konstruktives sowie ehrliches Feedback mit Freundlichkeit zu geben, um anderen auf ihrem Weg zum Erfolg zu helfen, ist f\u00fcr uns von entscheidender Bedeutung.<\/p>\n<\/div>\n\n\n\n<div class=\"gb-element-403d271c\">\n<h3 class=\"gb-text\"><strong><strong><strong><strong><strong>Nachdenklichkeit<\/strong><\/strong><\/strong><\/strong><\/strong><\/h3>\n\n\n\n<p class=\"gb-text gb-text-4a6c4ef8\">Wir konzentrieren uns auf Zusammenarbeit und respektieren die Anliegen, Interessen und Werte jedes Kollegen. Das macht unser B\u00fcro nicht nur zu einem besseren Ort; es gibt unserem Gesch\u00e4ft den Vorteil menschlicher Verbindungen, wo jeder gut miteinander arbeitet.<\/p>\n<\/div>\n\n\n\n<div class=\"gb-element-9bfa26f8\">\n<h3 class=\"gb-text\"><strong><strong><strong><strong><strong>Langfristiges Engagement<\/strong><\/strong><\/strong><\/strong><\/strong><\/h3>\n\n\n\n<p class=\"gb-text gb-text-f05e3200\">Arbeitsenthusiasmus und Engagement sind entscheidend, um unsere langfristige Vision und unseren Erfolg zu unterst\u00fctzen. Mozrest bietet engagierten Mitarbeitern, die sich durch ihre Professionalit\u00e4t, Hilfsbereitschaft und den Wunsch, voranzukommen, auszeichnen, berufliche Chancen.<\/p>\n<\/div>\n<\/div>\n\n\n\n<div class=\"gb-text eyebrown gb-text-6f9f2ea7\">F\u00fchrungsprinzipien<\/div>\n\n\n\n<div class=\"gb-element-d5fd7606\">\n<div class=\"gb-element-a797f50a\">\n<h3 class=\"gb-text\"><strong><strong>Partnerschaftsobsession<\/strong><\/strong><\/h3>\n\n\n\n<p class=\"gb-text gb-text-2f0d7ae9\">Wir sind besessen davon, nachhaltige Partnerschaften zu schmieden, die durch au\u00dfergew\u00f6hnliche F\u00fcrsorge und Unterst\u00fctzung gekennzeichnet sind. Wir lernen unsere Partner pers\u00f6nlich kennen, um zu verstehen, welche L\u00f6sungen sie ben\u00f6tigen, und bauen eine starke Beziehung auf, die auf Vertrauen und Respekt basiert, um sie zu unseren besten Botschaftern zu machen.<\/p>\n<\/div>\n\n\n\n<div class=\"gb-element-bbd28298\">\n<h3 class=\"gb-text\"><strong><strong><strong><strong>Empathie<\/strong><\/strong><\/strong><\/strong><\/h3>\n\n\n\n<p class=\"gb-text gb-text-32aba8f4\">Es ist entscheidend, die Bed\u00fcrfnisse unserer Kunden aus ihrer Perspektive zu verstehen, aber auch die Erfolge und die Zufriedenheit unserer Teammitglieder zu beachten, um die bestm\u00f6gliche Kundenerfahrung zu bieten. Wir alle spielen eine Rolle bei der Unterst\u00fctzung einer exzellenten Kundenservicekultur.<\/p>\n<\/div>\n\n\n\n<div class=\"gb-element-b8c1fa9c\">\n<h3 class=\"gb-text\"><strong><strong><strong><strong><strong><strong>Eigenverantwortung<\/strong><\/strong><\/strong><\/strong><\/strong><\/strong><\/h3>\n\n\n\n<p class=\"gb-text gb-text-89c079d8\">Wir glauben an ein starkes ethisches Verhalten, wenn unsere Beziehungen zu Teammitgliedern, Kunden, Partnern und Aktion\u00e4ren auf Vertrauen und Ehrlichkeit basieren. Wir \u00fcbernehmen stets die Verantwortung daf\u00fcr, unsere Arbeit rechtzeitig und mit der h\u00f6chstm\u00f6glichen Qualit\u00e4t zu erledigen und halten unsere Verpflichtungen ein.<\/p>\n<\/div>\n\n\n\n<div class=\"gb-element-71337535\">\n<h3 class=\"gb-text\"><strong><strong><strong><strong><strong><strong>Demut<\/strong><\/strong><\/strong><\/strong><\/strong><\/strong><\/h3>\n\n\n\n<p class=\"gb-text gb-text-488c8e64\">Wir sch\u00e4tzen Offenheit \u2013 indem wir stets Feedback anh\u00f6ren, um unsere Prozesse, Produkte und Dienstleistungen kontinuierlich zu verbessern. Wir erkennen diejenigen an, die uns bei unserem Erfolg in unserer Mission geholfen haben, und lernen gleicherma\u00dfen aus unseren Fehlern und Erfolgen.<\/p>\n<\/div>\n\n\n\n<div class=\"gb-element-547fd1da\">\n<h3 class=\"gb-text\"><strong><strong><strong><strong><strong><strong><strong>Sparsamkeit<\/strong><\/strong><\/strong><\/strong><\/strong><\/strong><\/strong><\/h3>\n\n\n\n<p class=\"gb-text gb-text-8b35e572\">Unsere Philosophie besteht darin, \u201emehr mit weniger\u201c zu erreichen, indem wir vorsichtig sparen und so effizient wie m\u00f6glich ausgeben. Verschwendung von Ausgaben zu vermeiden, erm\u00f6glicht es uns, ein gro\u00dfartiges Arbeitsumfeld f\u00fcr unser Team zu schaffen und unseren Kunden hochwertige Produkte und Dienstleistungen zu wettbewerbsf\u00e4higen Preisen anzubieten.<\/p>\n<\/div>\n<\/div>\n<\/div>\n<\/section>\n\n\n\n<section class=\"gb-element-76f5c696\">\n<div class=\"section--default\">\n<h2 class=\"gb-text gb-text-ca5b96ee\">Lerne das Team kennen<\/h2>\n\n\n\n<div data-gb-router-region=\"query-75a29dcc\" class=\"team-mozrest\"><div class=\"gb-looper-24da4b55\">\n<div class=\"gb-loop-item gb-loop-item-fb018e00 post-256 team-member type-team-member status-publish hentry\">\n<div class=\"gb-element-344fe7c1\"><\/div>\n\n\n\n<p class=\"gb-text text--md gb-text-3aff6279\">J\u00e9r\u00f4me Pernollet<\/p>\n\n\n\n\n<\/div>\n\n<div class=\"gb-loop-item gb-loop-item-fb018e00 post-490 team-member type-team-member status-publish hentry\">\n<div class=\"gb-element-344fe7c1\"><\/div>\n\n\n\n<p class=\"gb-text text--md gb-text-3aff6279\">Eurydice Hall\u00e9<\/p>\n\n\n\n\n<\/div>\n\n<div class=\"gb-loop-item gb-loop-item-fb018e00 post-2016 team-member type-team-member status-publish hentry\">\n<div class=\"gb-element-344fe7c1\"><\/div>\n\n\n\n<p class=\"gb-text text--md gb-text-3aff6279\">Ho Kwan Fan<\/p>\n\n\n\n\n<\/div>\n\n<div class=\"gb-loop-item gb-loop-item-fb018e00 post-271 team-member type-team-member status-publish hentry\">\n<div class=\"gb-element-344fe7c1\"><\/div>\n\n\n\n<p class=\"gb-text text--md gb-text-3aff6279\">Alberto L\u00f3pez<\/p>\n\n\n\n\n<\/div>\n\n<div class=\"gb-loop-item gb-loop-item-fb018e00 post-273 team-member type-team-member status-publish hentry\">\n<div class=\"gb-element-344fe7c1\"><\/div>\n\n\n\n<p class=\"gb-text text--md gb-text-3aff6279\">\u00c1ngel Guevara<\/p>\n\n\n\n\n<\/div>\n\n<div class=\"gb-loop-item gb-loop-item-fb018e00 post-266 team-member type-team-member status-publish hentry\">\n<div class=\"gb-element-344fe7c1\"><\/div>\n\n\n\n<p class=\"gb-text text--md gb-text-3aff6279\">Iv\u00e1n Gonz\u00e1lez Vald\u00e9s<\/p>\n\n\n\n\n<\/div>\n<\/div><\/div>\n\n\n\n<h2 class=\"gb-text gb-text-528f51c9\">Mitwirkende<\/h2>\n\n\n\n<div data-gb-router-region=\"query-bf4b0965\" class=\"team-contributors\"><div class=\"gb-looper-6054cf31\">\n<div class=\"gb-loop-item gb-loop-item-ea643ca4 post-274 team-member type-team-member status-publish hentry\">\n<div class=\"gb-element-8274e6c2\"><\/div>\n\n\n\n<p class=\"gb-text text--md gb-text-8b8eb334\">Jacques-Alexandre Halle\u0301<\/p>\n\n\n\n\n<\/div>\n<\/div><\/div>\n<\/div>\n<\/section>\n\n\n\n<section class=\"gb-element-526e9e20\" id=\"moz-careers-section\">\n<div class=\"section--medium gb-element-1010f8e7\">\n<h2 class=\"gb-text gb-text-b6fd7057\">Karriere<\/h2>\n\n\n\n<p class=\"gb-text gb-text-d608143c\">Wir sind auf der Suche nach proaktiven und hoch motivierten Talenten, die unser kontinuierliches Wachstum unterst\u00fctzen.<\/p>\n\n\n\n<p class=\"gb-text gb-text-ebaccb5f\">Kommen Sie in unser Team!<\/p>\n\n\n\n<div id=\"moz-jobs-list\"><\/div>\n<\/div>\n<\/section>","protected":false},"excerpt":{"rendered":"<p>About us Our story Founded in London in 2020, Mozrest is a middleware solution specialising in the restaurant industry. We bridge the gap between booking platforms, reservation management software, and point-of-sale (POS) systems. We handle the complex &#8220;digital plumbing&#8221; of multi-channel connectivity, providing white-label solutions that allow software providers to scale instantly without the heavy &#8230; <a title=\"\u00dcber uns\" class=\"read-more\" href=\"https:\/\/mozrest.com\/de-de\/about-us\/\" aria-label=\"Mehr Informationen \u00fcber About us\">Weiterlesen &#8230;<\/a><\/p>","protected":false},"author":1,"featured_media":0,"parent":0,"menu_order":8,"comment_status":"closed","ping_status":"closed","template":"","meta":{"_acf_changed":false,"footnotes":""},"class_list":["post-32","page","type-page","status-publish"],"acf":[],"_links":{"self":[{"href":"https:\/\/mozrest.com\/de-de\/wp-json\/wp\/v2\/pages\/32","targetHints":{"allow":["GET"]}}],"collection":[{"href":"https:\/\/mozrest.com\/de-de\/wp-json\/wp\/v2\/pages"}],"about":[{"href":"https:\/\/mozrest.com\/de-de\/wp-json\/wp\/v2\/types\/page"}],"author":[{"embeddable":true,"href":"https:\/\/mozrest.com\/de-de\/wp-json\/wp\/v2\/users\/1"}],"replies":[{"embeddable":true,"href":"https:\/\/mozrest.com\/de-de\/wp-json\/wp\/v2\/comments?post=32"}],"version-history":[{"count":4,"href":"https:\/\/mozrest.com\/de-de\/wp-json\/wp\/v2\/pages\/32\/revisions"}],"predecessor-version":[{"id":3335,"href":"https:\/\/mozrest.com\/de-de\/wp-json\/wp\/v2\/pages\/32\/revisions\/3335"}],"wp:attachment":[{"href":"https:\/\/mozrest.com\/de-de\/wp-json\/wp\/v2\/media?parent=32"}],"curies":[{"name":"wp","href":"https:\/\/api.w.org\/{rel}","templated":true}]}}